{"id":317,"date":"2015-04-16T10:20:57","date_gmt":"2015-04-16T09:20:57","guid":{"rendered":"http:\/\/maguykrimm.com\/?page_id=317"},"modified":"2015-04-16T16:26:05","modified_gmt":"2015-04-16T15:26:05","slug":"angus-wells","status":"publish","type":"page","link":"http:\/\/maguykrimm.com\/?page_id=317","title":{"rendered":"Angus Wells"},"content":{"rendered":"<p><a href=\"http:\/\/maguykrimm.com\/wp-content\/uploads\/2015\/04\/wells_planche1.jpg\"><img loading=\"lazy\" decoding=\"async\" class=\" size-full wp-image-273 aligncenter\" src=\"http:\/\/maguykrimm.com\/wp-content\/uploads\/2015\/04\/wells_planche1.jpg\" alt=\"wells_planche1\" width=\"568\" height=\"800\" srcset=\"http:\/\/maguykrimm.com\/wp-content\/uploads\/2015\/04\/wells_planche1.jpg 568w, http:\/\/maguykrimm.com\/wp-content\/uploads\/2015\/04\/wells_planche1-213x300.jpg 213w\" sizes=\"auto, (max-width: 568px) 100vw, 568px\" \/><\/a><\/p>\n<p><a href=\"http:\/\/maguykrimm.com\/wp-content\/uploads\/2015\/04\/wells_planche2.jpg\"><img loading=\"lazy\" decoding=\"async\" class=\" size-full wp-image-272 aligncenter\" src=\"http:\/\/maguykrimm.com\/wp-content\/uploads\/2015\/04\/wells_planche2.jpg\" alt=\"wells_planche2\" width=\"568\" height=\"800\" srcset=\"http:\/\/maguykrimm.com\/wp-content\/uploads\/2015\/04\/wells_planche2.jpg 568w, http:\/\/maguykrimm.com\/wp-content\/uploads\/2015\/04\/wells_planche2-213x300.jpg 213w\" sizes=\"auto, (max-width: 568px) 100vw, 568px\" \/><\/a>Sc\u00e9nar de Pascal H\u00e9nion et dessins de Maguy &#8211; r\u00e9alis\u00e9e en juin 2005<\/p>\n","protected":false},"excerpt":{"rendered":"<p>Sc\u00e9nar de Pascal H\u00e9nion et dessins de Maguy &#8211; r\u00e9alis\u00e9e en juin 2005<\/p>\n","protected":false},"author":1,"featured_media":0,"parent":2,"menu_order":6,"comment_status":"open","ping_status":"open","template":"nosidebar-page.php","meta":{"footnotes":""},"class_list":["post-317","page","type-page","status-publish","hentry"],"_links":{"self":[{"href":"http:\/\/maguykrimm.com\/index.php?rest_route=\/wp\/v2\/pages\/317","targetHints":{"allow":["GET"]}}],"collection":[{"href":"http:\/\/maguykrimm.com\/index.php?rest_route=\/wp\/v2\/pages"}],"about":[{"href":"http:\/\/maguykrimm.com\/index.php?rest_route=\/wp\/v2\/types\/page"}],"author":[{"embeddable":true,"href":"http:\/\/maguykrimm.com\/index.php?rest_route=\/wp\/v2\/users\/1"}],"replies":[{"embeddable":true,"href":"http:\/\/maguykrimm.com\/index.php?rest_route=%2Fwp%2Fv2%2Fcomments&post=317"}],"version-history":[{"count":0,"href":"http:\/\/maguykrimm.com\/index.php?rest_route=\/wp\/v2\/pages\/317\/revisions"}],"up":[{"embeddable":true,"href":"http:\/\/maguykrimm.com\/index.php?rest_route=\/wp\/v2\/pages\/2"}],"wp:attachment":[{"href":"http:\/\/maguykrimm.com\/index.php?rest_route=%2Fwp%2Fv2%2Fmedia&parent=317"}],"curies":[{"name":"wp","href":"https:\/\/api.w.org\/{rel}","templated":true}]}}