{"id":319,"date":"2015-04-16T10:22:54","date_gmt":"2015-04-16T09:22:54","guid":{"rendered":"http:\/\/maguykrimm.com\/?page_id=319"},"modified":"2015-05-07T22:18:16","modified_gmt":"2015-05-07T21:18:16","slug":"nos-enfants-ne-se-repandront-pas-sur-terre","status":"publish","type":"page","link":"http:\/\/maguykrimm.com\/?page_id=319","title":{"rendered":"Nos enfants &#8230;"},"content":{"rendered":"<p>Nos enfants ne se r\u00e9pandront pas sur terre<a href=\"http:\/\/maguykrimm.com\/wp-content\/uploads\/2015\/04\/enfant1.jpg\"><img loading=\"lazy\" decoding=\"async\" class=\" size-full wp-image-274 aligncenter\" src=\"http:\/\/maguykrimm.com\/wp-content\/uploads\/2015\/04\/enfant1.jpg\" alt=\"enfant1\" width=\"570\" height=\"800\" srcset=\"http:\/\/maguykrimm.com\/wp-content\/uploads\/2015\/04\/enfant1.jpg 570w, http:\/\/maguykrimm.com\/wp-content\/uploads\/2015\/04\/enfant1-214x300.jpg 214w\" sizes=\"auto, (max-width: 570px) 100vw, 570px\" \/><\/a><\/p>\n<p><a href=\"http:\/\/maguykrimm.com\/wp-content\/uploads\/2015\/04\/enfant2.jpg\"><img loading=\"lazy\" decoding=\"async\" class=\" size-full wp-image-275 aligncenter\" src=\"http:\/\/maguykrimm.com\/wp-content\/uploads\/2015\/04\/enfant2.jpg\" alt=\"enfant2\" width=\"580\" height=\"800\" srcset=\"http:\/\/maguykrimm.com\/wp-content\/uploads\/2015\/04\/enfant2.jpg 580w, http:\/\/maguykrimm.com\/wp-content\/uploads\/2015\/04\/enfant2-218x300.jpg 218w\" sizes=\"auto, (max-width: 580px) 100vw, 580px\" \/><\/a>Sc\u00e9nar et dessins de Maguy &#8211; r\u00e9alis\u00e9e en d\u00e9cembre 2005<\/p>\n","protected":false},"excerpt":{"rendered":"<p>Nos enfants ne se r\u00e9pandront pas sur terre Sc\u00e9nar et dessins de Maguy &#8211; r\u00e9alis\u00e9e en d\u00e9cembre 2005<\/p>\n","protected":false},"author":1,"featured_media":0,"parent":2,"menu_order":7,"comment_status":"open","ping_status":"open","template":"nosidebar-page.php","meta":{"footnotes":""},"class_list":["post-319","page","type-page","status-publish","hentry"],"_links":{"self":[{"href":"http:\/\/maguykrimm.com\/index.php?rest_route=\/wp\/v2\/pages\/319","targetHints":{"allow":["GET"]}}],"collection":[{"href":"http:\/\/maguykrimm.com\/index.php?rest_route=\/wp\/v2\/pages"}],"about":[{"href":"http:\/\/maguykrimm.com\/index.php?rest_route=\/wp\/v2\/types\/page"}],"author":[{"embeddable":true,"href":"http:\/\/maguykrimm.com\/index.php?rest_route=\/wp\/v2\/users\/1"}],"replies":[{"embeddable":true,"href":"http:\/\/maguykrimm.com\/index.php?rest_route=%2Fwp%2Fv2%2Fcomments&post=319"}],"version-history":[{"count":0,"href":"http:\/\/maguykrimm.com\/index.php?rest_route=\/wp\/v2\/pages\/319\/revisions"}],"up":[{"embeddable":true,"href":"http:\/\/maguykrimm.com\/index.php?rest_route=\/wp\/v2\/pages\/2"}],"wp:attachment":[{"href":"http:\/\/maguykrimm.com\/index.php?rest_route=%2Fwp%2Fv2%2Fmedia&parent=319"}],"curies":[{"name":"wp","href":"https:\/\/api.w.org\/{rel}","templated":true}]}}