{"id":394,"date":"2015-04-17T10:45:35","date_gmt":"2015-04-17T09:45:35","guid":{"rendered":"http:\/\/maguykrimm.com\/?page_id=394"},"modified":"2020-03-08T17:37:00","modified_gmt":"2020-03-08T16:37:00","slug":"la-pieta","status":"publish","type":"page","link":"http:\/\/maguykrimm.com\/?page_id=394","title":{"rendered":"La pieta"},"content":{"rendered":"<p style=\"text-align: center;\"><a href=\"http:\/\/maguykrimm.com\/wp-content\/uploads\/2015\/04\/peita10.jpg\"><img loading=\"lazy\" decoding=\"async\" class=\" size-full wp-image-395 aligncenter\" src=\"http:\/\/maguykrimm.com\/wp-content\/uploads\/2015\/04\/peita10.jpg\" alt=\"peita10\" width=\"484\" height=\"600\" srcset=\"http:\/\/maguykrimm.com\/wp-content\/uploads\/2015\/04\/peita10.jpg 484w, http:\/\/maguykrimm.com\/wp-content\/uploads\/2015\/04\/peita10-242x300.jpg 242w\" sizes=\"auto, (max-width: 484px) 100vw, 484px\" \/><\/a><\/p>\n<p style=\"text-align: center;\">Ma Bambou qui me manque<a href=\"http:\/\/maguykrimm.com\/wp-content\/uploads\/2015\/04\/pieta1.jpg\"><img loading=\"lazy\" decoding=\"async\" class=\" size-full wp-image-396 aligncenter\" src=\"http:\/\/maguykrimm.com\/wp-content\/uploads\/2015\/04\/pieta1.jpg\" alt=\"pieta1\" width=\"590\" height=\"600\" srcset=\"http:\/\/maguykrimm.com\/wp-content\/uploads\/2015\/04\/pieta1.jpg 590w, http:\/\/maguykrimm.com\/wp-content\/uploads\/2015\/04\/pieta1-295x300.jpg 295w\" sizes=\"auto, (max-width: 590px) 100vw, 590px\" \/><\/a><\/p>\n<p style=\"text-align: center;\">Mon oeuf pas dur<a href=\"http:\/\/maguykrimm.com\/wp-content\/uploads\/2015\/04\/pieta2.jpg\"><img loading=\"lazy\" decoding=\"async\" class=\" size-full wp-image-397 aligncenter\" src=\"http:\/\/maguykrimm.com\/wp-content\/uploads\/2015\/04\/pieta2.jpg\" alt=\"pieta2\" width=\"600\" height=\"596\" srcset=\"http:\/\/maguykrimm.com\/wp-content\/uploads\/2015\/04\/pieta2.jpg 600w, http:\/\/maguykrimm.com\/wp-content\/uploads\/2015\/04\/pieta2-150x150.jpg 150w, http:\/\/maguykrimm.com\/wp-content\/uploads\/2015\/04\/pieta2-300x298.jpg 300w\" sizes=\"auto, (max-width: 600px) 100vw, 600px\" \/><\/a><\/p>\n<p style=\"text-align: center;\">Mon ex kame<a href=\"http:\/\/maguykrimm.com\/wp-content\/uploads\/2015\/04\/pieta3.jpg\"><img loading=\"lazy\" decoding=\"async\" class=\" size-full wp-image-398 aligncenter\" src=\"http:\/\/maguykrimm.com\/wp-content\/uploads\/2015\/04\/pieta3.jpg\" alt=\"pieta3\" width=\"566\" height=\"600\" srcset=\"http:\/\/maguykrimm.com\/wp-content\/uploads\/2015\/04\/pieta3.jpg 566w, http:\/\/maguykrimm.com\/wp-content\/uploads\/2015\/04\/pieta3-283x300.jpg 283w\" sizes=\"auto, (max-width: 566px) 100vw, 566px\" \/><\/a><\/p>\n<p style=\"text-align: center;\">Mon belge de Frads<a href=\"http:\/\/maguykrimm.com\/wp-content\/uploads\/2015\/04\/pieta4.jpg\"><img loading=\"lazy\" decoding=\"async\" class=\" size-full wp-image-399 aligncenter\" src=\"http:\/\/maguykrimm.com\/wp-content\/uploads\/2015\/04\/pieta4.jpg\" alt=\"pieta4\" width=\"600\" height=\"548\" srcset=\"http:\/\/maguykrimm.com\/wp-content\/uploads\/2015\/04\/pieta4.jpg 600w, http:\/\/maguykrimm.com\/wp-content\/uploads\/2015\/04\/pieta4-300x274.jpg 300w\" sizes=\"auto, (max-width: 600px) 100vw, 600px\" \/><\/a><\/p>\n<p style=\"text-align: center;\">Ma Gertrude<a href=\"http:\/\/maguykrimm.com\/wp-content\/uploads\/2015\/04\/pieta5.jpg\"><img loading=\"lazy\" decoding=\"async\" class=\" size-full wp-image-400 aligncenter\" src=\"http:\/\/maguykrimm.com\/wp-content\/uploads\/2015\/04\/pieta5.jpg\" alt=\"pieta5\" width=\"526\" height=\"600\" srcset=\"http:\/\/maguykrimm.com\/wp-content\/uploads\/2015\/04\/pieta5.jpg 526w, http:\/\/maguykrimm.com\/wp-content\/uploads\/2015\/04\/pieta5-263x300.jpg 263w\" sizes=\"auto, (max-width: 526px) 100vw, 526px\" \/><\/a><\/p>\n<p style=\"text-align: center;\">Mon papa No\u00ebl \u00e0 moi<a href=\"http:\/\/maguykrimm.com\/wp-content\/uploads\/2015\/04\/pieta6.jpg\"><img loading=\"lazy\" decoding=\"async\" class=\" size-full wp-image-401 aligncenter\" src=\"http:\/\/maguykrimm.com\/wp-content\/uploads\/2015\/04\/pieta6.jpg\" alt=\"pieta6\" width=\"600\" height=\"557\" srcset=\"http:\/\/maguykrimm.com\/wp-content\/uploads\/2015\/04\/pieta6.jpg 600w, http:\/\/maguykrimm.com\/wp-content\/uploads\/2015\/04\/pieta6-300x279.jpg 300w\" sizes=\"auto, (max-width: 600px) 100vw, 600px\" \/><\/a><\/p>\n<p style=\"text-align: center;\">Mon fid\u00e8le PQ<a href=\"http:\/\/maguykrimm.com\/wp-content\/uploads\/2015\/04\/pieta7.jpg\"><img loading=\"lazy\" decoding=\"async\" class=\" size-full wp-image-402 aligncenter\" src=\"http:\/\/maguykrimm.com\/wp-content\/uploads\/2015\/04\/pieta7.jpg\" alt=\"pieta7\" width=\"568\" height=\"600\" srcset=\"http:\/\/maguykrimm.com\/wp-content\/uploads\/2015\/04\/pieta7.jpg 568w, http:\/\/maguykrimm.com\/wp-content\/uploads\/2015\/04\/pieta7-284x300.jpg 284w\" sizes=\"auto, (max-width: 568px) 100vw, 568px\" \/><\/a><\/p>\n<p style=\"text-align: center;\">Ma bouteille pr\u00e9f\u00e9r\u00e9e<a href=\"http:\/\/maguykrimm.com\/wp-content\/uploads\/2015\/04\/pieta8.jpg\"><img loading=\"lazy\" decoding=\"async\" class=\" size-full wp-image-403 aligncenter\" src=\"http:\/\/maguykrimm.com\/wp-content\/uploads\/2015\/04\/pieta8.jpg\" alt=\"pieta8\" width=\"600\" height=\"577\" srcset=\"http:\/\/maguykrimm.com\/wp-content\/uploads\/2015\/04\/pieta8.jpg 600w, http:\/\/maguykrimm.com\/wp-content\/uploads\/2015\/04\/pieta8-300x289.jpg 300w\" sizes=\"auto, (max-width: 600px) 100vw, 600px\" \/><\/a><\/p>\n<p style=\"text-align: center;\">Mon ex ange <a href=\"http:\/\/maguykrimm.com\/wp-content\/uploads\/2015\/04\/pieta9.jpg\"><img loading=\"lazy\" decoding=\"async\" class=\" size-full wp-image-404 aligncenter\" src=\"http:\/\/maguykrimm.com\/wp-content\/uploads\/2015\/04\/pieta9.jpg\" alt=\"pieta9\" width=\"525\" height=\"600\" srcset=\"http:\/\/maguykrimm.com\/wp-content\/uploads\/2015\/04\/pieta9.jpg 525w, http:\/\/maguykrimm.com\/wp-content\/uploads\/2015\/04\/pieta9-263x300.jpg 263w\" sizes=\"auto, (max-width: 525px) 100vw, 525px\" \/><\/a>Mon flic pr\u00e9f\u00e9r\u00e9<\/p>\n\n\n<div class=\"wp-block-image\"><figure class=\"aligncenter size-large\"><img loading=\"lazy\" decoding=\"async\" width=\"583\" height=\"600\" src=\"http:\/\/maguykrimm.com\/wp-content\/uploads\/2020\/03\/vorone-1-1.jpg\" alt=\"\" class=\"wp-image-1433\" srcset=\"http:\/\/maguykrimm.com\/wp-content\/uploads\/2020\/03\/vorone-1-1.jpg 583w, http:\/\/maguykrimm.com\/wp-content\/uploads\/2020\/03\/vorone-1-1-292x300.jpg 292w\" sizes=\"auto, (max-width: 583px) 100vw, 583px\" \/><\/figure><\/div>\n\n\n\n<p class=\"has-text-align-center\">Mon Vorone pr\u00e9f\u00e9r\u00e9<\/p>\n\n\n\n<div class=\"wp-block-image\"><figure class=\"aligncenter size-large\"><img loading=\"lazy\" decoding=\"async\" width=\"430\" height=\"600\" src=\"http:\/\/maguykrimm.com\/wp-content\/uploads\/2020\/03\/doc_c-1.jpg\" alt=\"\" class=\"wp-image-1434\" srcset=\"http:\/\/maguykrimm.com\/wp-content\/uploads\/2020\/03\/doc_c-1.jpg 430w, http:\/\/maguykrimm.com\/wp-content\/uploads\/2020\/03\/doc_c-1-215x300.jpg 215w\" sizes=\"auto, (max-width: 430px) 100vw, 430px\" \/><\/figure><\/div>\n\n\n\n<p class=\"has-text-align-center\">L&rsquo;unique Doc C<\/p>\n","protected":false},"excerpt":{"rendered":"<p>Ma Bambou qui me manque Mon oeuf pas dur Mon ex kame Mon belge de Frads Ma Gertrude Mon papa No\u00ebl \u00e0 moi Mon fid\u00e8le PQ Ma bouteille pr\u00e9f\u00e9r\u00e9e Mon ex ange Mon flic pr\u00e9f\u00e9r\u00e9 Mon Vorone pr\u00e9f\u00e9r\u00e9 L&rsquo;unique Doc C<\/p>\n","protected":false},"author":1,"featured_media":0,"parent":30,"menu_order":2,"comment_status":"open","ping_status":"open","template":"nosidebar-page.php","meta":{"footnotes":""},"class_list":["post-394","page","type-page","status-publish","hentry"],"_links":{"self":[{"href":"http:\/\/maguykrimm.com\/index.php?rest_route=\/wp\/v2\/pages\/394","targetHints":{"allow":["GET"]}}],"collection":[{"href":"http:\/\/maguykrimm.com\/index.php?rest_route=\/wp\/v2\/pages"}],"about":[{"href":"http:\/\/maguykrimm.com\/index.php?rest_route=\/wp\/v2\/types\/page"}],"author":[{"embeddable":true,"href":"http:\/\/maguykrimm.com\/index.php?rest_route=\/wp\/v2\/users\/1"}],"replies":[{"embeddable":true,"href":"http:\/\/maguykrimm.com\/index.php?rest_route=%2Fwp%2Fv2%2Fcomments&post=394"}],"version-history":[{"count":1,"href":"http:\/\/maguykrimm.com\/index.php?rest_route=\/wp\/v2\/pages\/394\/revisions"}],"predecessor-version":[{"id":1435,"href":"http:\/\/maguykrimm.com\/index.php?rest_route=\/wp\/v2\/pages\/394\/revisions\/1435"}],"up":[{"embeddable":true,"href":"http:\/\/maguykrimm.com\/index.php?rest_route=\/wp\/v2\/pages\/30"}],"wp:attachment":[{"href":"http:\/\/maguykrimm.com\/index.php?rest_route=%2Fwp%2Fv2%2Fmedia&parent=394"}],"curies":[{"name":"wp","href":"https:\/\/api.w.org\/{rel}","templated":true}]}}