{"id":2,"date":"2015-04-14T12:53:43","date_gmt":"2015-04-14T12:53:43","guid":{"rendered":"http:\/\/maguykrimm.com\/?page_id=2"},"modified":"2015-05-07T22:16:14","modified_gmt":"2015-05-07T21:16:14","slug":"page-d-exemple","status":"publish","type":"page","link":"https:\/\/maguykrimm.com\/?page_id=2","title":{"rendered":"BD"},"content":{"rendered":"<p style=\"text-align: center;\"><span style=\"color: #993366;\"><strong>Mes Bandes Dessin\u00e9es<\/strong><\/span><\/p>\n<p style=\"text-align: center;\">\u2665 La Comtesse des Cheynes de Bel El B\u00e8ze &#8211; 1985<\/p>\n<p style=\"text-align: center;\"><a href=\"http:\/\/maguykrimm.com\/?page_id=133\"><img loading=\"lazy\" decoding=\"async\" class=\"alignnone size-full wp-image-1055\" src=\"http:\/\/maguykrimm.com\/wp-content\/uploads\/2015\/05\/p8.jpg\" alt=\"p8\" width=\"400\" height=\"151\" srcset=\"https:\/\/maguykrimm.com\/wp-content\/uploads\/2015\/05\/p8.jpg 400w, https:\/\/maguykrimm.com\/wp-content\/uploads\/2015\/05\/p8-300x113.jpg 300w\" sizes=\"auto, (max-width: 400px) 100vw, 400px\" \/><\/a><\/p>\n<p style=\"text-align: center;\">\u2665 Si BdA m&rsquo;\u00e9tait cont\u00e9 &#8230; janvier 2005<\/p>\n<p style=\"text-align: center;\"><a href=\"http:\/\/maguykrimm.com\/?page_id=333\"><img loading=\"lazy\" decoding=\"async\" class=\"alignnone size-full wp-image-1056\" src=\"http:\/\/maguykrimm.com\/wp-content\/uploads\/2015\/05\/planche8.jpg\" alt=\"Si bda m'\u00e9tait cont\u00e9\" width=\"400\" height=\"150\" srcset=\"https:\/\/maguykrimm.com\/wp-content\/uploads\/2015\/05\/planche8.jpg 400w, https:\/\/maguykrimm.com\/wp-content\/uploads\/2015\/05\/planche8-300x113.jpg 300w\" sizes=\"auto, (max-width: 400px) 100vw, 400px\" \/><\/a><\/p>\n<p style=\"text-align: center;\">\u2665 Seul \u00e0 Jamais &#8211; sc\u00e9nario egg&#8211; mars 2005<\/p>\n<p style=\"text-align: center;\"><a href=\"http:\/\/maguykrimm.com\/?page_id=309\"><img loading=\"lazy\" decoding=\"async\" class=\"alignnone size-full wp-image-1047\" src=\"http:\/\/maguykrimm.com\/wp-content\/uploads\/2015\/05\/charcutier1.jpg\" alt=\"seul \u00e0 jamais\" width=\"400\" height=\"150\" srcset=\"https:\/\/maguykrimm.com\/wp-content\/uploads\/2015\/05\/charcutier1.jpg 400w, https:\/\/maguykrimm.com\/wp-content\/uploads\/2015\/05\/charcutier1-300x113.jpg 300w\" sizes=\"auto, (max-width: 400px) 100vw, 400px\" \/><\/a><\/p>\n<p style=\"text-align: center;\">\u2665 Capitaine Baudelaire &#8211; sc\u00e9nario Gregor avril 2005<\/p>\n<p style=\"text-align: center;\"><a href=\"http:\/\/maguykrimm.com\/?page_id=313\"><img loading=\"lazy\" decoding=\"async\" class=\"alignnone size-full wp-image-1046\" src=\"http:\/\/maguykrimm.com\/wp-content\/uploads\/2015\/05\/beaudelaire2.jpg\" alt=\"capitaine Beaudelaire\" width=\"400\" height=\"150\" srcset=\"https:\/\/maguykrimm.com\/wp-content\/uploads\/2015\/05\/beaudelaire2.jpg 400w, https:\/\/maguykrimm.com\/wp-content\/uploads\/2015\/05\/beaudelaire2-300x113.jpg 300w\" sizes=\"auto, (max-width: 400px) 100vw, 400px\" \/><\/a><\/p>\n<p style=\"text-align: center;\">\u2665 La gueule &#8211; sc\u00e9nario egg&#8211; ao\u00fbt 2005<\/p>\n<p style=\"text-align: center;\"><a href=\"http:\/\/maguykrimm.com\/?page_id=315\"><img loading=\"lazy\" decoding=\"async\" class=\"alignnone size-full wp-image-1050\" src=\"http:\/\/maguykrimm.com\/wp-content\/uploads\/2015\/05\/lagueule.jpg\" alt=\"la gueule\" width=\"400\" height=\"150\" srcset=\"https:\/\/maguykrimm.com\/wp-content\/uploads\/2015\/05\/lagueule.jpg 400w, https:\/\/maguykrimm.com\/wp-content\/uploads\/2015\/05\/lagueule-300x113.jpg 300w\" sizes=\"auto, (max-width: 400px) 100vw, 400px\" \/><\/a><\/p>\n<p style=\"text-align: center;\">\u2665 La machine d&rsquo;Angus WELLS &#8211; sc\u00e9nario Pascal Hennion octobre 2005<\/p>\n<p style=\"text-align: center;\"><a href=\"http:\/\/maguykrimm.com\/?page_id=317\"><img loading=\"lazy\" decoding=\"async\" class=\"alignnone size-full wp-image-1058\" src=\"http:\/\/maguykrimm.com\/wp-content\/uploads\/2015\/05\/wells_planche2.jpg\" alt=\"la machine\" width=\"400\" height=\"150\" srcset=\"https:\/\/maguykrimm.com\/wp-content\/uploads\/2015\/05\/wells_planche2.jpg 400w, https:\/\/maguykrimm.com\/wp-content\/uploads\/2015\/05\/wells_planche2-300x113.jpg 300w\" sizes=\"auto, (max-width: 400px) 100vw, 400px\" \/><\/a><\/p>\n<p style=\"text-align: center;\">\u2665 Nos enfants ne se r\u00e9pandront pas sur terre &#8211; sc\u00e9nario Maguy d\u00e9cembre 2005<\/p>\n<p style=\"text-align: center;\"><a href=\"http:\/\/maguykrimm.com\/?page_id=319\"><img loading=\"lazy\" decoding=\"async\" class=\"alignnone size-full wp-image-1048\" src=\"http:\/\/maguykrimm.com\/wp-content\/uploads\/2015\/05\/enfant2.jpg\" alt=\"nos enfants\" width=\"400\" height=\"150\" srcset=\"https:\/\/maguykrimm.com\/wp-content\/uploads\/2015\/05\/enfant2.jpg 400w, https:\/\/maguykrimm.com\/wp-content\/uploads\/2015\/05\/enfant2-300x113.jpg 300w\" sizes=\"auto, (max-width: 400px) 100vw, 400px\" \/><\/a><\/p>\n<p style=\"text-align: center;\">\u2665 R\u00e9veille toi &#8211; sc\u00e9nario egg&#8211; janvier 2006<\/p>\n<p style=\"text-align: center;\"><a href=\"http:\/\/maguykrimm.com\/?page_id=321\"><img loading=\"lazy\" decoding=\"async\" class=\"alignnone size-full wp-image-1057\" src=\"http:\/\/maguykrimm.com\/wp-content\/uploads\/2015\/05\/reveil1.jpg\" alt=\"r\u00e9veille toi\" width=\"400\" height=\"150\" srcset=\"https:\/\/maguykrimm.com\/wp-content\/uploads\/2015\/05\/reveil1.jpg 400w, https:\/\/maguykrimm.com\/wp-content\/uploads\/2015\/05\/reveil1-300x113.jpg 300w\" sizes=\"auto, (max-width: 400px) 100vw, 400px\" \/><\/a><\/p>\n<p style=\"text-align: center;\">\u2665 Androgyne &#8211; sc\u00e9nario Florent Ao\u00fbt 2008<\/p>\n<p style=\"text-align: center;\"><a href=\"http:\/\/maguykrimm.com\/?page_id=323\"><img loading=\"lazy\" decoding=\"async\" class=\"alignnone size-full wp-image-1041\" src=\"http:\/\/maguykrimm.com\/wp-content\/uploads\/2015\/04\/androgyne51.jpg\" alt=\"androgyne5\" width=\"400\" height=\"150\" srcset=\"https:\/\/maguykrimm.com\/wp-content\/uploads\/2015\/04\/androgyne51.jpg 400w, https:\/\/maguykrimm.com\/wp-content\/uploads\/2015\/04\/androgyne51-300x113.jpg 300w\" sizes=\"auto, (max-width: 400px) 100vw, 400px\" \/><\/a><\/p>\n<p style=\"text-align: center;\">\u2665 Nawak &#8211; sc\u00e9nario Maguy Juin 2009<\/p>\n<p style=\"text-align: center;\"><a href=\"http:\/\/maguykrimm.com\/?page_id=302\"><img loading=\"lazy\" decoding=\"async\" class=\"alignnone size-full wp-image-1054\" src=\"http:\/\/maguykrimm.com\/wp-content\/uploads\/2015\/05\/nawak2.jpg\" alt=\"nawak\" width=\"400\" height=\"150\" srcset=\"https:\/\/maguykrimm.com\/wp-content\/uploads\/2015\/05\/nawak2.jpg 400w, https:\/\/maguykrimm.com\/wp-content\/uploads\/2015\/05\/nawak2-300x113.jpg 300w\" sizes=\"auto, (max-width: 400px) 100vw, 400px\" \/><\/a><\/p>\n<p style=\"text-align: center;\">\u2665 Lilith &#8211; sc\u00e9nario Isangeles Novembre 2009<\/p>\n<p style=\"text-align: center;\"><a href=\"http:\/\/maguykrimm.com\/?page_id=325\"><img loading=\"lazy\" decoding=\"async\" class=\"alignnone size-full wp-image-1052\" src=\"http:\/\/maguykrimm.com\/wp-content\/uploads\/2015\/05\/lilith7.jpg\" alt=\"lilith\" width=\"400\" height=\"150\" srcset=\"https:\/\/maguykrimm.com\/wp-content\/uploads\/2015\/05\/lilith7.jpg 400w, https:\/\/maguykrimm.com\/wp-content\/uploads\/2015\/05\/lilith7-300x113.jpg 300w\" sizes=\"auto, (max-width: 400px) 100vw, 400px\" \/><\/a><\/p>\n<p style=\"text-align: center;\">\u2665 21 12 2012 &#8211; Dessins et sc\u00e9nario maguy Octobre 2009<\/p>\n<p style=\"text-align: center;\"><a href=\"http:\/\/maguykrimm.com\/?page_id=328\"><img loading=\"lazy\" decoding=\"async\" class=\"alignnone size-full wp-image-1040\" src=\"http:\/\/maguykrimm.com\/wp-content\/uploads\/2015\/04\/21122012A1.jpg\" alt=\"21122012A\" width=\"400\" height=\"150\" srcset=\"https:\/\/maguykrimm.com\/wp-content\/uploads\/2015\/04\/21122012A1.jpg 400w, https:\/\/maguykrimm.com\/wp-content\/uploads\/2015\/04\/21122012A1-300x113.jpg 300w\" sizes=\"auto, (max-width: 400px) 100vw, 400px\" \/><\/a><\/p>\n<p style=\"text-align: center;\">\u2665 Lorele\u00ef &#8211; Dessins maguy et sc\u00e9nario chom<\/p>\n<p style=\"text-align: center;\"><a href=\"http:\/\/maguykrimm.com\/?page_id=300\"><img loading=\"lazy\" decoding=\"async\" class=\"alignnone size-full wp-image-1053\" src=\"http:\/\/maguykrimm.com\/wp-content\/uploads\/2015\/05\/lorelei3.jpg\" alt=\"lorelei3\" width=\"400\" height=\"150\" srcset=\"https:\/\/maguykrimm.com\/wp-content\/uploads\/2015\/05\/lorelei3.jpg 400w, https:\/\/maguykrimm.com\/wp-content\/uploads\/2015\/05\/lorelei3-300x113.jpg 300w\" sizes=\"auto, (max-width: 400px) 100vw, 400px\" \/><\/a><\/p>\n<p style=\"text-align: center;\">\u2665 Le complot &#8211; Dessins maguy et sc\u00e9nario egg &#8212;<\/p>\n<p style=\"text-align: center;\"><a href=\"http:\/\/maguykrimm.com\/?page_id=331\"><img loading=\"lazy\" decoding=\"async\" class=\"alignnone size-full wp-image-1051\" src=\"http:\/\/maguykrimm.com\/wp-content\/uploads\/2015\/05\/lecomplot2.jpg\" alt=\"lecomplot2\" width=\"400\" height=\"150\" srcset=\"https:\/\/maguykrimm.com\/wp-content\/uploads\/2015\/05\/lecomplot2.jpg 400w, https:\/\/maguykrimm.com\/wp-content\/uploads\/2015\/05\/lecomplot2-300x113.jpg 300w\" sizes=\"auto, (max-width: 400px) 100vw, 400px\" \/><\/a><\/p>\n","protected":false},"excerpt":{"rendered":"<p>Mes Bandes Dessin\u00e9es \u2665 La Comtesse des Cheynes de Bel El B\u00e8ze &#8211; 1985 \u2665 Si BdA m&rsquo;\u00e9tait cont\u00e9 &#8230; janvier 2005 \u2665 Seul \u00e0 Jamais &#8211; sc\u00e9nario egg&#8211; mars 2005 \u2665 Capitaine Baudelaire &#8211; sc\u00e9nario Gregor avril 2005 \u2665 La gueule &#8211; sc\u00e9nario egg&#8211; ao\u00fbt 2005 \u2665 La machine d&rsquo;Angus WELLS &#8211; sc\u00e9nario Pascal&#8230; <\/p>\n<div class=\"read-more\"><a href=\"https:\/\/maguykrimm.com\/?page_id=2\">Lire la suite<\/a><\/div>\n","protected":false},"author":1,"featured_media":0,"parent":0,"menu_order":1,"comment_status":"open","ping_status":"open","template":"","meta":{"footnotes":""},"class_list":["post-2","page","type-page","status-publish","hentry"],"_links":{"self":[{"href":"https:\/\/maguykrimm.com\/index.php?rest_route=\/wp\/v2\/pages\/2","targetHints":{"allow":["GET"]}}],"collection":[{"href":"https:\/\/maguykrimm.com\/index.php?rest_route=\/wp\/v2\/pages"}],"about":[{"href":"https:\/\/maguykrimm.com\/index.php?rest_route=\/wp\/v2\/types\/page"}],"author":[{"embeddable":true,"href":"https:\/\/maguykrimm.com\/index.php?rest_route=\/wp\/v2\/users\/1"}],"replies":[{"embeddable":true,"href":"https:\/\/maguykrimm.com\/index.php?rest_route=%2Fwp%2Fv2%2Fcomments&post=2"}],"version-history":[{"count":0,"href":"https:\/\/maguykrimm.com\/index.php?rest_route=\/wp\/v2\/pages\/2\/revisions"}],"wp:attachment":[{"href":"https:\/\/maguykrimm.com\/index.php?rest_route=%2Fwp%2Fv2%2Fmedia&parent=2"}],"curies":[{"name":"wp","href":"https:\/\/api.w.org\/{rel}","templated":true}]}}