{"id":302,"date":"2015-04-16T10:09:35","date_gmt":"2015-04-16T09:09:35","guid":{"rendered":"http:\/\/maguykrimm.com\/?page_id=302"},"modified":"2015-04-16T16:27:25","modified_gmt":"2015-04-16T15:27:25","slug":"nawak","status":"publish","type":"page","link":"https:\/\/maguykrimm.com\/?page_id=302","title":{"rendered":"Nawak"},"content":{"rendered":"<p><a href=\"http:\/\/maguykrimm.com\/wp-content\/uploads\/2015\/04\/nawak1.jpg\"><img loading=\"lazy\" decoding=\"async\" class=\" size-full wp-image-276 aligncenter\" src=\"http:\/\/maguykrimm.com\/wp-content\/uploads\/2015\/04\/nawak1.jpg\" alt=\"nawak1\" width=\"565\" height=\"800\" srcset=\"https:\/\/maguykrimm.com\/wp-content\/uploads\/2015\/04\/nawak1.jpg 565w, https:\/\/maguykrimm.com\/wp-content\/uploads\/2015\/04\/nawak1-212x300.jpg 212w\" sizes=\"auto, (max-width: 565px) 100vw, 565px\" \/><\/a> <a href=\"http:\/\/maguykrimm.com\/wp-content\/uploads\/2015\/04\/nawak2.jpg\"><img loading=\"lazy\" decoding=\"async\" class=\" size-full wp-image-277 aligncenter\" src=\"http:\/\/maguykrimm.com\/wp-content\/uploads\/2015\/04\/nawak2.jpg\" alt=\"nawak2\" width=\"564\" height=\"800\" srcset=\"https:\/\/maguykrimm.com\/wp-content\/uploads\/2015\/04\/nawak2.jpg 564w, https:\/\/maguykrimm.com\/wp-content\/uploads\/2015\/04\/nawak2-212x300.jpg 212w\" sizes=\"auto, (max-width: 564px) 100vw, 564px\" \/><\/a> <a href=\"http:\/\/maguykrimm.com\/wp-content\/uploads\/2015\/04\/nawak3.jpg\"><img loading=\"lazy\" decoding=\"async\" class=\" size-full wp-image-278 aligncenter\" src=\"http:\/\/maguykrimm.com\/wp-content\/uploads\/2015\/04\/nawak3.jpg\" alt=\"nawak3\" width=\"568\" height=\"800\" srcset=\"https:\/\/maguykrimm.com\/wp-content\/uploads\/2015\/04\/nawak3.jpg 568w, https:\/\/maguykrimm.com\/wp-content\/uploads\/2015\/04\/nawak3-213x300.jpg 213w\" sizes=\"auto, (max-width: 568px) 100vw, 568px\" \/><\/a> <a href=\"http:\/\/maguykrimm.com\/wp-content\/uploads\/2015\/04\/nawak4.jpg\"><img loading=\"lazy\" decoding=\"async\" class=\" size-full wp-image-279 aligncenter\" src=\"http:\/\/maguykrimm.com\/wp-content\/uploads\/2015\/04\/nawak4.jpg\" alt=\"nawak4\" width=\"564\" height=\"800\" srcset=\"https:\/\/maguykrimm.com\/wp-content\/uploads\/2015\/04\/nawak4.jpg 564w, https:\/\/maguykrimm.com\/wp-content\/uploads\/2015\/04\/nawak4-212x300.jpg 212w\" sizes=\"auto, (max-width: 564px) 100vw, 564px\" \/><\/a> <a href=\"http:\/\/maguykrimm.com\/wp-content\/uploads\/2015\/04\/nawak5.jpg\"><img loading=\"lazy\" decoding=\"async\" class=\" size-full wp-image-280 aligncenter\" src=\"http:\/\/maguykrimm.com\/wp-content\/uploads\/2015\/04\/nawak5.jpg\" alt=\"nawak5\" width=\"569\" height=\"800\" srcset=\"https:\/\/maguykrimm.com\/wp-content\/uploads\/2015\/04\/nawak5.jpg 569w, https:\/\/maguykrimm.com\/wp-content\/uploads\/2015\/04\/nawak5-213x300.jpg 213w\" sizes=\"auto, (max-width: 569px) 100vw, 569px\" \/><\/a> <a href=\"http:\/\/maguykrimm.com\/wp-content\/uploads\/2015\/04\/nawak6.jpg\"><img loading=\"lazy\" decoding=\"async\" class=\"alignnone size-full wp-image-281 aligncenter\" src=\"http:\/\/maguykrimm.com\/wp-content\/uploads\/2015\/04\/nawak6.jpg\" alt=\"nawak6\" width=\"570\" height=\"800\" srcset=\"https:\/\/maguykrimm.com\/wp-content\/uploads\/2015\/04\/nawak6.jpg 570w, https:\/\/maguykrimm.com\/wp-content\/uploads\/2015\/04\/nawak6-214x300.jpg 214w\" sizes=\"auto, (max-width: 570px) 100vw, 570px\" \/><\/a><\/p>\n<p>Sc\u00e9nar et dessins de Maguy &#8211; r\u00e9alis\u00e9e en juin 2009<\/p>\n","protected":false},"excerpt":{"rendered":"<p>Sc\u00e9nar et dessins de Maguy &#8211; r\u00e9alis\u00e9e en juin 2009<\/p>\n","protected":false},"author":1,"featured_media":0,"parent":2,"menu_order":10,"comment_status":"open","ping_status":"open","template":"nosidebar-page.php","meta":{"footnotes":""},"class_list":["post-302","page","type-page","status-publish","hentry"],"_links":{"self":[{"href":"https:\/\/maguykrimm.com\/index.php?rest_route=\/wp\/v2\/pages\/302","targetHints":{"allow":["GET"]}}],"collection":[{"href":"https:\/\/maguykrimm.com\/index.php?rest_route=\/wp\/v2\/pages"}],"about":[{"href":"https:\/\/maguykrimm.com\/index.php?rest_route=\/wp\/v2\/types\/page"}],"author":[{"embeddable":true,"href":"https:\/\/maguykrimm.com\/index.php?rest_route=\/wp\/v2\/users\/1"}],"replies":[{"embeddable":true,"href":"https:\/\/maguykrimm.com\/index.php?rest_route=%2Fwp%2Fv2%2Fcomments&post=302"}],"version-history":[{"count":0,"href":"https:\/\/maguykrimm.com\/index.php?rest_route=\/wp\/v2\/pages\/302\/revisions"}],"up":[{"embeddable":true,"href":"https:\/\/maguykrimm.com\/index.php?rest_route=\/wp\/v2\/pages\/2"}],"wp:attachment":[{"href":"https:\/\/maguykrimm.com\/index.php?rest_route=%2Fwp%2Fv2%2Fmedia&parent=302"}],"curies":[{"name":"wp","href":"https:\/\/api.w.org\/{rel}","templated":true}]}}