{"id":313,"date":"2015-04-16T10:17:28","date_gmt":"2015-04-16T09:17:28","guid":{"rendered":"http:\/\/maguykrimm.com\/?page_id=313"},"modified":"2015-04-16T16:25:28","modified_gmt":"2015-04-16T15:25:28","slug":"capitaine-beaudelaire","status":"publish","type":"page","link":"https:\/\/maguykrimm.com\/?page_id=313","title":{"rendered":"Capitaine Beaudelaire"},"content":{"rendered":"<p><a href=\"http:\/\/maguykrimm.com\/wp-content\/uploads\/2015\/04\/beaudelaire1.jpg\"><img loading=\"lazy\" decoding=\"async\" class=\" size-full wp-image-270 aligncenter\" src=\"http:\/\/maguykrimm.com\/wp-content\/uploads\/2015\/04\/beaudelaire1.jpg\" alt=\"beaudelaire1\" width=\"562\" height=\"793\" srcset=\"https:\/\/maguykrimm.com\/wp-content\/uploads\/2015\/04\/beaudelaire1.jpg 562w, https:\/\/maguykrimm.com\/wp-content\/uploads\/2015\/04\/beaudelaire1-213x300.jpg 213w\" sizes=\"auto, (max-width: 562px) 100vw, 562px\" \/><\/a> <a href=\"http:\/\/maguykrimm.com\/wp-content\/uploads\/2015\/04\/beaudelaire2.jpg\"><img loading=\"lazy\" decoding=\"async\" class=\" size-full wp-image-271 aligncenter\" src=\"http:\/\/maguykrimm.com\/wp-content\/uploads\/2015\/04\/beaudelaire2.jpg\" alt=\"beaudelaire2\" width=\"564\" height=\"796\" srcset=\"https:\/\/maguykrimm.com\/wp-content\/uploads\/2015\/04\/beaudelaire2.jpg 564w, https:\/\/maguykrimm.com\/wp-content\/uploads\/2015\/04\/beaudelaire2-213x300.jpg 213w\" sizes=\"auto, (max-width: 564px) 100vw, 564px\" \/><\/a>Sc\u00e9nar de Gregor et dessins de Maguy &#8211; r\u00e9alis\u00e9e en juin 2005<\/p>\n","protected":false},"excerpt":{"rendered":"<p>Sc\u00e9nar de Gregor et dessins de Maguy &#8211; r\u00e9alis\u00e9e en juin 2005<\/p>\n","protected":false},"author":1,"featured_media":0,"parent":2,"menu_order":4,"comment_status":"open","ping_status":"open","template":"nosidebar-page.php","meta":{"footnotes":""},"class_list":["post-313","page","type-page","status-publish","hentry"],"_links":{"self":[{"href":"https:\/\/maguykrimm.com\/index.php?rest_route=\/wp\/v2\/pages\/313","targetHints":{"allow":["GET"]}}],"collection":[{"href":"https:\/\/maguykrimm.com\/index.php?rest_route=\/wp\/v2\/pages"}],"about":[{"href":"https:\/\/maguykrimm.com\/index.php?rest_route=\/wp\/v2\/types\/page"}],"author":[{"embeddable":true,"href":"https:\/\/maguykrimm.com\/index.php?rest_route=\/wp\/v2\/users\/1"}],"replies":[{"embeddable":true,"href":"https:\/\/maguykrimm.com\/index.php?rest_route=%2Fwp%2Fv2%2Fcomments&post=313"}],"version-history":[{"count":0,"href":"https:\/\/maguykrimm.com\/index.php?rest_route=\/wp\/v2\/pages\/313\/revisions"}],"up":[{"embeddable":true,"href":"https:\/\/maguykrimm.com\/index.php?rest_route=\/wp\/v2\/pages\/2"}],"wp:attachment":[{"href":"https:\/\/maguykrimm.com\/index.php?rest_route=%2Fwp%2Fv2%2Fmedia&parent=313"}],"curies":[{"name":"wp","href":"https:\/\/api.w.org\/{rel}","templated":true}]}}