{"id":315,"date":"2015-04-16T10:19:05","date_gmt":"2015-04-16T09:19:05","guid":{"rendered":"http:\/\/maguykrimm.com\/?page_id=315"},"modified":"2015-04-16T16:25:47","modified_gmt":"2015-04-16T15:25:47","slug":"la-gueule","status":"publish","type":"page","link":"https:\/\/maguykrimm.com\/?page_id=315","title":{"rendered":"La gueule"},"content":{"rendered":"<p><a href=\"http:\/\/maguykrimm.com\/wp-content\/uploads\/2015\/04\/lagueule.jpg\"><img loading=\"lazy\" decoding=\"async\" class=\" size-full wp-image-259 aligncenter\" src=\"http:\/\/maguykrimm.com\/wp-content\/uploads\/2015\/04\/lagueule.jpg\" alt=\"lagueule\" width=\"526\" height=\"750\" srcset=\"https:\/\/maguykrimm.com\/wp-content\/uploads\/2015\/04\/lagueule.jpg 526w, https:\/\/maguykrimm.com\/wp-content\/uploads\/2015\/04\/lagueule-210x300.jpg 210w\" sizes=\"auto, (max-width: 526px) 100vw, 526px\" \/><\/a>Sc\u00e9nar de egg&#8211; et dessins de Maguy &#8211; r\u00e9alis\u00e9e en juin 2005<\/p>\n","protected":false},"excerpt":{"rendered":"<p>Sc\u00e9nar de egg&#8211; et dessins de Maguy &#8211; r\u00e9alis\u00e9e en juin 2005<\/p>\n","protected":false},"author":1,"featured_media":0,"parent":2,"menu_order":5,"comment_status":"open","ping_status":"open","template":"nosidebar-page.php","meta":{"footnotes":""},"class_list":["post-315","page","type-page","status-publish","hentry"],"_links":{"self":[{"href":"https:\/\/maguykrimm.com\/index.php?rest_route=\/wp\/v2\/pages\/315","targetHints":{"allow":["GET"]}}],"collection":[{"href":"https:\/\/maguykrimm.com\/index.php?rest_route=\/wp\/v2\/pages"}],"about":[{"href":"https:\/\/maguykrimm.com\/index.php?rest_route=\/wp\/v2\/types\/page"}],"author":[{"embeddable":true,"href":"https:\/\/maguykrimm.com\/index.php?rest_route=\/wp\/v2\/users\/1"}],"replies":[{"embeddable":true,"href":"https:\/\/maguykrimm.com\/index.php?rest_route=%2Fwp%2Fv2%2Fcomments&post=315"}],"version-history":[{"count":0,"href":"https:\/\/maguykrimm.com\/index.php?rest_route=\/wp\/v2\/pages\/315\/revisions"}],"up":[{"embeddable":true,"href":"https:\/\/maguykrimm.com\/index.php?rest_route=\/wp\/v2\/pages\/2"}],"wp:attachment":[{"href":"https:\/\/maguykrimm.com\/index.php?rest_route=%2Fwp%2Fv2%2Fmedia&parent=315"}],"curies":[{"name":"wp","href":"https:\/\/api.w.org\/{rel}","templated":true}]}}