{"id":323,"date":"2015-04-16T10:35:15","date_gmt":"2015-04-16T09:35:15","guid":{"rendered":"http:\/\/maguykrimm.com\/?page_id=323"},"modified":"2015-04-16T16:27:09","modified_gmt":"2015-04-16T15:27:09","slug":"androgyne","status":"publish","type":"page","link":"https:\/\/maguykrimm.com\/?page_id=323","title":{"rendered":"Androgyne"},"content":{"rendered":"<p><a href=\"http:\/\/maguykrimm.com\/wp-content\/uploads\/2015\/04\/androgyne1.jpg\"><img loading=\"lazy\" decoding=\"async\" class=\" size-full wp-image-155 aligncenter\" src=\"http:\/\/maguykrimm.com\/wp-content\/uploads\/2015\/04\/androgyne1.jpg\" alt=\"androgyne1\" width=\"564\" height=\"800\" srcset=\"https:\/\/maguykrimm.com\/wp-content\/uploads\/2015\/04\/androgyne1.jpg 564w, https:\/\/maguykrimm.com\/wp-content\/uploads\/2015\/04\/androgyne1-212x300.jpg 212w\" sizes=\"auto, (max-width: 564px) 100vw, 564px\" \/><\/a> <a href=\"http:\/\/maguykrimm.com\/wp-content\/uploads\/2015\/04\/androgyne2.jpg\"><img loading=\"lazy\" decoding=\"async\" class=\" size-full wp-image-156 aligncenter\" src=\"http:\/\/maguykrimm.com\/wp-content\/uploads\/2015\/04\/androgyne2.jpg\" alt=\"androgyne2\" width=\"564\" height=\"800\" srcset=\"https:\/\/maguykrimm.com\/wp-content\/uploads\/2015\/04\/androgyne2.jpg 564w, https:\/\/maguykrimm.com\/wp-content\/uploads\/2015\/04\/androgyne2-212x300.jpg 212w\" sizes=\"auto, (max-width: 564px) 100vw, 564px\" \/><\/a> <a href=\"http:\/\/maguykrimm.com\/wp-content\/uploads\/2015\/04\/androgyne3.jpg\"><img loading=\"lazy\" decoding=\"async\" class=\" size-full wp-image-157 aligncenter\" src=\"http:\/\/maguykrimm.com\/wp-content\/uploads\/2015\/04\/androgyne3.jpg\" alt=\"androgyne3\" width=\"563\" height=\"800\" srcset=\"https:\/\/maguykrimm.com\/wp-content\/uploads\/2015\/04\/androgyne3.jpg 563w, https:\/\/maguykrimm.com\/wp-content\/uploads\/2015\/04\/androgyne3-211x300.jpg 211w\" sizes=\"auto, (max-width: 563px) 100vw, 563px\" \/><\/a> <a href=\"http:\/\/maguykrimm.com\/wp-content\/uploads\/2015\/04\/androgyne4.jpg\"><img loading=\"lazy\" decoding=\"async\" class=\" size-full wp-image-158 aligncenter\" src=\"http:\/\/maguykrimm.com\/wp-content\/uploads\/2015\/04\/androgyne4.jpg\" alt=\"androgyne4\" width=\"563\" height=\"800\" srcset=\"https:\/\/maguykrimm.com\/wp-content\/uploads\/2015\/04\/androgyne4.jpg 563w, https:\/\/maguykrimm.com\/wp-content\/uploads\/2015\/04\/androgyne4-211x300.jpg 211w\" sizes=\"auto, (max-width: 563px) 100vw, 563px\" \/><\/a> <a href=\"http:\/\/maguykrimm.com\/wp-content\/uploads\/2015\/04\/androgyne5.jpg\"><img loading=\"lazy\" decoding=\"async\" class=\" size-full wp-image-159 aligncenter\" src=\"http:\/\/maguykrimm.com\/wp-content\/uploads\/2015\/04\/androgyne5.jpg\" alt=\"androgyne5\" width=\"550\" height=\"800\" srcset=\"https:\/\/maguykrimm.com\/wp-content\/uploads\/2015\/04\/androgyne5.jpg 550w, https:\/\/maguykrimm.com\/wp-content\/uploads\/2015\/04\/androgyne5-206x300.jpg 206w\" sizes=\"auto, (max-width: 550px) 100vw, 550px\" \/><\/a> <a href=\"http:\/\/maguykrimm.com\/wp-content\/uploads\/2015\/04\/androgyne6.jpg\"><img loading=\"lazy\" decoding=\"async\" class=\" size-full wp-image-160 aligncenter\" src=\"http:\/\/maguykrimm.com\/wp-content\/uploads\/2015\/04\/androgyne6.jpg\" alt=\"androgyne6\" width=\"550\" height=\"800\" srcset=\"https:\/\/maguykrimm.com\/wp-content\/uploads\/2015\/04\/androgyne6.jpg 550w, https:\/\/maguykrimm.com\/wp-content\/uploads\/2015\/04\/androgyne6-206x300.jpg 206w\" sizes=\"auto, (max-width: 550px) 100vw, 550px\" \/><\/a>Sc\u00e9nar de Chom et dessins de Maguy &#8211; r\u00e9alis\u00e9e en ao\u00fbt 2008<\/p>\n","protected":false},"excerpt":{"rendered":"<p>Sc\u00e9nar de Chom et dessins de Maguy &#8211; r\u00e9alis\u00e9e en ao\u00fbt 2008<\/p>\n","protected":false},"author":1,"featured_media":0,"parent":2,"menu_order":9,"comment_status":"open","ping_status":"open","template":"nosidebar-page.php","meta":{"footnotes":""},"class_list":["post-323","page","type-page","status-publish","hentry"],"_links":{"self":[{"href":"https:\/\/maguykrimm.com\/index.php?rest_route=\/wp\/v2\/pages\/323","targetHints":{"allow":["GET"]}}],"collection":[{"href":"https:\/\/maguykrimm.com\/index.php?rest_route=\/wp\/v2\/pages"}],"about":[{"href":"https:\/\/maguykrimm.com\/index.php?rest_route=\/wp\/v2\/types\/page"}],"author":[{"embeddable":true,"href":"https:\/\/maguykrimm.com\/index.php?rest_route=\/wp\/v2\/users\/1"}],"replies":[{"embeddable":true,"href":"https:\/\/maguykrimm.com\/index.php?rest_route=%2Fwp%2Fv2%2Fcomments&post=323"}],"version-history":[{"count":0,"href":"https:\/\/maguykrimm.com\/index.php?rest_route=\/wp\/v2\/pages\/323\/revisions"}],"up":[{"embeddable":true,"href":"https:\/\/maguykrimm.com\/index.php?rest_route=\/wp\/v2\/pages\/2"}],"wp:attachment":[{"href":"https:\/\/maguykrimm.com\/index.php?rest_route=%2Fwp%2Fv2%2Fmedia&parent=323"}],"curies":[{"name":"wp","href":"https:\/\/api.w.org\/{rel}","templated":true}]}}