{"id":325,"date":"2015-04-16T10:50:36","date_gmt":"2015-04-16T09:50:36","guid":{"rendered":"http:\/\/maguykrimm.com\/?page_id=325"},"modified":"2015-05-17T21:19:11","modified_gmt":"2015-05-17T20:19:11","slug":"lilith","status":"publish","type":"page","link":"https:\/\/maguykrimm.com\/?page_id=325","title":{"rendered":"Lilith"},"content":{"rendered":"<p><a href=\"http:\/\/maguykrimm.com\/wp-content\/uploads\/2015\/04\/lilith1.jpg\"><img loading=\"lazy\" decoding=\"async\" class=\"size-full wp-image-282 aligncenter\" src=\"http:\/\/maguykrimm.com\/wp-content\/uploads\/2015\/04\/lilith1.jpg\" alt=\"lilith1\" width=\"565\" height=\"800\" srcset=\"https:\/\/maguykrimm.com\/wp-content\/uploads\/2015\/04\/lilith1.jpg 565w, https:\/\/maguykrimm.com\/wp-content\/uploads\/2015\/04\/lilith1-212x300.jpg 212w\" sizes=\"auto, (max-width: 565px) 100vw, 565px\" \/><\/a> <a href=\"http:\/\/maguykrimm.com\/wp-content\/uploads\/2015\/04\/lilith2.jpg\"><img loading=\"lazy\" decoding=\"async\" class=\" size-full wp-image-283 aligncenter\" src=\"http:\/\/maguykrimm.com\/wp-content\/uploads\/2015\/04\/lilith2.jpg\" alt=\"lilith2\" width=\"565\" height=\"800\" srcset=\"https:\/\/maguykrimm.com\/wp-content\/uploads\/2015\/04\/lilith2.jpg 565w, https:\/\/maguykrimm.com\/wp-content\/uploads\/2015\/04\/lilith2-212x300.jpg 212w\" sizes=\"auto, (max-width: 565px) 100vw, 565px\" \/><\/a> <a href=\"http:\/\/maguykrimm.com\/wp-content\/uploads\/2015\/04\/lilith3.jpg\"><img loading=\"lazy\" decoding=\"async\" class=\" size-full wp-image-284 aligncenter\" src=\"http:\/\/maguykrimm.com\/wp-content\/uploads\/2015\/04\/lilith3.jpg\" alt=\"lilith3\" width=\"565\" height=\"800\" srcset=\"https:\/\/maguykrimm.com\/wp-content\/uploads\/2015\/04\/lilith3.jpg 565w, https:\/\/maguykrimm.com\/wp-content\/uploads\/2015\/04\/lilith3-212x300.jpg 212w\" sizes=\"auto, (max-width: 565px) 100vw, 565px\" \/><\/a> <a href=\"http:\/\/maguykrimm.com\/wp-content\/uploads\/2015\/04\/lilith4.jpg\"><img loading=\"lazy\" decoding=\"async\" class=\" size-full wp-image-285 aligncenter\" src=\"http:\/\/maguykrimm.com\/wp-content\/uploads\/2015\/04\/lilith4.jpg\" alt=\"lilith4\" width=\"565\" height=\"800\" srcset=\"https:\/\/maguykrimm.com\/wp-content\/uploads\/2015\/04\/lilith4.jpg 565w, https:\/\/maguykrimm.com\/wp-content\/uploads\/2015\/04\/lilith4-212x300.jpg 212w\" sizes=\"auto, (max-width: 565px) 100vw, 565px\" \/><\/a> <a href=\"http:\/\/maguykrimm.com\/wp-content\/uploads\/2015\/04\/lilith5.jpg\"><img loading=\"lazy\" decoding=\"async\" class=\" size-full wp-image-286 aligncenter\" src=\"http:\/\/maguykrimm.com\/wp-content\/uploads\/2015\/04\/lilith5.jpg\" alt=\"lilith5\" width=\"600\" height=\"800\" srcset=\"https:\/\/maguykrimm.com\/wp-content\/uploads\/2015\/04\/lilith5.jpg 600w, https:\/\/maguykrimm.com\/wp-content\/uploads\/2015\/04\/lilith5-225x300.jpg 225w\" sizes=\"auto, (max-width: 600px) 100vw, 600px\" \/><\/a> <a href=\"http:\/\/maguykrimm.com\/wp-content\/uploads\/2015\/04\/lilith6.jpg\"><img loading=\"lazy\" decoding=\"async\" class=\" size-full wp-image-287 aligncenter\" src=\"http:\/\/maguykrimm.com\/wp-content\/uploads\/2015\/04\/lilith6.jpg\" alt=\"lilith6\" width=\"497\" height=\"600\" srcset=\"https:\/\/maguykrimm.com\/wp-content\/uploads\/2015\/04\/lilith6.jpg 497w, https:\/\/maguykrimm.com\/wp-content\/uploads\/2015\/04\/lilith6-249x300.jpg 249w\" sizes=\"auto, (max-width: 497px) 100vw, 497px\" \/><\/a> <a href=\"http:\/\/maguykrimm.com\/wp-content\/uploads\/2015\/04\/lilith7.jpg\"><img loading=\"lazy\" decoding=\"async\" class=\" size-full wp-image-288 aligncenter\" src=\"http:\/\/maguykrimm.com\/wp-content\/uploads\/2015\/04\/lilith7.jpg\" alt=\"lilith7\" width=\"565\" height=\"800\" srcset=\"https:\/\/maguykrimm.com\/wp-content\/uploads\/2015\/04\/lilith7.jpg 565w, https:\/\/maguykrimm.com\/wp-content\/uploads\/2015\/04\/lilith7-212x300.jpg 212w\" sizes=\"auto, (max-width: 565px) 100vw, 565px\" \/><\/a> <a href=\"http:\/\/maguykrimm.com\/wp-content\/uploads\/2015\/04\/lilith8.jpg\"><img loading=\"lazy\" decoding=\"async\" class=\" size-full wp-image-289 aligncenter\" src=\"http:\/\/maguykrimm.com\/wp-content\/uploads\/2015\/04\/lilith8.jpg\" alt=\"lilith8\" width=\"570\" height=\"800\" srcset=\"https:\/\/maguykrimm.com\/wp-content\/uploads\/2015\/04\/lilith8.jpg 570w, https:\/\/maguykrimm.com\/wp-content\/uploads\/2015\/04\/lilith8-214x300.jpg 214w\" sizes=\"auto, (max-width: 570px) 100vw, 570px\" \/><\/a> <a href=\"http:\/\/maguykrimm.com\/wp-content\/uploads\/2015\/04\/lilith9.jpg\"><img loading=\"lazy\" decoding=\"async\" class=\" size-full wp-image-290 aligncenter\" src=\"http:\/\/maguykrimm.com\/wp-content\/uploads\/2015\/04\/lilith9.jpg\" alt=\"lilith9\" width=\"572\" height=\"800\" srcset=\"https:\/\/maguykrimm.com\/wp-content\/uploads\/2015\/04\/lilith9.jpg 572w, https:\/\/maguykrimm.com\/wp-content\/uploads\/2015\/04\/lilith9-215x300.jpg 215w\" sizes=\"auto, (max-width: 572px) 100vw, 572px\" \/><\/a> <a href=\"http:\/\/maguykrimm.com\/wp-content\/uploads\/2015\/04\/lilith10.jpg\"><img loading=\"lazy\" decoding=\"async\" class=\" size-full wp-image-291 aligncenter\" src=\"http:\/\/maguykrimm.com\/wp-content\/uploads\/2015\/04\/lilith10.jpg\" alt=\"lilith10\" width=\"562\" height=\"800\" srcset=\"https:\/\/maguykrimm.com\/wp-content\/uploads\/2015\/04\/lilith10.jpg 562w, https:\/\/maguykrimm.com\/wp-content\/uploads\/2015\/04\/lilith10-211x300.jpg 211w\" sizes=\"auto, (max-width: 562px) 100vw, 562px\" \/><\/a> <a href=\"http:\/\/maguykrimm.com\/wp-content\/uploads\/2015\/04\/lilith11.jpg\"><img loading=\"lazy\" decoding=\"async\" class=\"alignnone size-full wp-image-292 aligncenter\" src=\"http:\/\/maguykrimm.com\/wp-content\/uploads\/2015\/04\/lilith11.jpg\" alt=\"lilith11\" width=\"567\" height=\"800\" srcset=\"https:\/\/maguykrimm.com\/wp-content\/uploads\/2015\/04\/lilith11.jpg 567w, https:\/\/maguykrimm.com\/wp-content\/uploads\/2015\/04\/lilith11-213x300.jpg 213w\" sizes=\"auto, (max-width: 567px) 100vw, 567px\" \/><\/a><a href=\"http:\/\/maguykrimm.com\/wp-content\/uploads\/2015\/04\/lilith12.jpg\"><img loading=\"lazy\" decoding=\"async\" class=\" size-full wp-image-1123 aligncenter\" src=\"http:\/\/maguykrimm.com\/wp-content\/uploads\/2015\/04\/lilith12.jpg\" alt=\"lilith12\" width=\"625\" height=\"800\" srcset=\"https:\/\/maguykrimm.com\/wp-content\/uploads\/2015\/04\/lilith12.jpg 625w, https:\/\/maguykrimm.com\/wp-content\/uploads\/2015\/04\/lilith12-234x300.jpg 234w\" sizes=\"auto, (max-width: 625px) 100vw, 625px\" \/><\/a><\/p>\n<p>Sc\u00e9nar de Isangeles et dessins de Maguy &#8211; r\u00e9alis\u00e9e en novembre 2009<\/p>\n","protected":false},"excerpt":{"rendered":"<p>Sc\u00e9nar de Isangeles et dessins de Maguy &#8211; r\u00e9alis\u00e9e en novembre 2009<\/p>\n","protected":false},"author":1,"featured_media":0,"parent":2,"menu_order":11,"comment_status":"open","ping_status":"open","template":"nosidebar-page.php","meta":{"footnotes":""},"class_list":["post-325","page","type-page","status-publish","hentry"],"_links":{"self":[{"href":"https:\/\/maguykrimm.com\/index.php?rest_route=\/wp\/v2\/pages\/325","targetHints":{"allow":["GET"]}}],"collection":[{"href":"https:\/\/maguykrimm.com\/index.php?rest_route=\/wp\/v2\/pages"}],"about":[{"href":"https:\/\/maguykrimm.com\/index.php?rest_route=\/wp\/v2\/types\/page"}],"author":[{"embeddable":true,"href":"https:\/\/maguykrimm.com\/index.php?rest_route=\/wp\/v2\/users\/1"}],"replies":[{"embeddable":true,"href":"https:\/\/maguykrimm.com\/index.php?rest_route=%2Fwp%2Fv2%2Fcomments&post=325"}],"version-history":[{"count":0,"href":"https:\/\/maguykrimm.com\/index.php?rest_route=\/wp\/v2\/pages\/325\/revisions"}],"up":[{"embeddable":true,"href":"https:\/\/maguykrimm.com\/index.php?rest_route=\/wp\/v2\/pages\/2"}],"wp:attachment":[{"href":"https:\/\/maguykrimm.com\/index.php?rest_route=%2Fwp%2Fv2%2Fmedia&parent=325"}],"curies":[{"name":"wp","href":"https:\/\/api.w.org\/{rel}","templated":true}]}}