{"id":331,"date":"2015-04-16T10:55:44","date_gmt":"2015-04-16T09:55:44","guid":{"rendered":"http:\/\/maguykrimm.com\/?page_id=331"},"modified":"2015-04-16T16:28:43","modified_gmt":"2015-04-16T15:28:43","slug":"le-complot","status":"publish","type":"page","link":"https:\/\/maguykrimm.com\/?page_id=331","title":{"rendered":"Le complot"},"content":{"rendered":"<p><a href=\"http:\/\/maguykrimm.com\/wp-content\/uploads\/2015\/04\/lecomplot1.jpg\"><img loading=\"lazy\" decoding=\"async\" class=\" size-full wp-image-260 aligncenter\" src=\"http:\/\/maguykrimm.com\/wp-content\/uploads\/2015\/04\/lecomplot1.jpg\" alt=\"lecomplot1\" width=\"573\" height=\"800\" srcset=\"https:\/\/maguykrimm.com\/wp-content\/uploads\/2015\/04\/lecomplot1.jpg 573w, https:\/\/maguykrimm.com\/wp-content\/uploads\/2015\/04\/lecomplot1-215x300.jpg 215w\" sizes=\"auto, (max-width: 573px) 100vw, 573px\" \/><\/a> <a href=\"http:\/\/maguykrimm.com\/wp-content\/uploads\/2015\/04\/lecomplot2.jpg\"><img loading=\"lazy\" decoding=\"async\" class=\" size-full wp-image-261 aligncenter\" src=\"http:\/\/maguykrimm.com\/wp-content\/uploads\/2015\/04\/lecomplot2.jpg\" alt=\"lecomplot2\" width=\"567\" height=\"800\" srcset=\"https:\/\/maguykrimm.com\/wp-content\/uploads\/2015\/04\/lecomplot2.jpg 567w, https:\/\/maguykrimm.com\/wp-content\/uploads\/2015\/04\/lecomplot2-213x300.jpg 213w\" sizes=\"auto, (max-width: 567px) 100vw, 567px\" \/><\/a> <a href=\"http:\/\/maguykrimm.com\/wp-content\/uploads\/2015\/04\/lecomplot3.jpg\"><img loading=\"lazy\" decoding=\"async\" class=\" size-full wp-image-262 aligncenter\" src=\"http:\/\/maguykrimm.com\/wp-content\/uploads\/2015\/04\/lecomplot3.jpg\" alt=\"lecomplot3\" width=\"569\" height=\"800\" srcset=\"https:\/\/maguykrimm.com\/wp-content\/uploads\/2015\/04\/lecomplot3.jpg 569w, https:\/\/maguykrimm.com\/wp-content\/uploads\/2015\/04\/lecomplot3-213x300.jpg 213w\" sizes=\"auto, (max-width: 569px) 100vw, 569px\" \/><\/a> <a href=\"http:\/\/maguykrimm.com\/wp-content\/uploads\/2015\/04\/lecomplot4.jpg\"><img loading=\"lazy\" decoding=\"async\" class=\" size-full wp-image-263 aligncenter\" src=\"http:\/\/maguykrimm.com\/wp-content\/uploads\/2015\/04\/lecomplot4.jpg\" alt=\"lecomplot4\" width=\"564\" height=\"800\" srcset=\"https:\/\/maguykrimm.com\/wp-content\/uploads\/2015\/04\/lecomplot4.jpg 564w, https:\/\/maguykrimm.com\/wp-content\/uploads\/2015\/04\/lecomplot4-212x300.jpg 212w\" sizes=\"auto, (max-width: 564px) 100vw, 564px\" \/><\/a> <a href=\"http:\/\/maguykrimm.com\/wp-content\/uploads\/2015\/04\/lecomplot5.jpg\"><img loading=\"lazy\" decoding=\"async\" class=\" size-full wp-image-264 aligncenter\" src=\"http:\/\/maguykrimm.com\/wp-content\/uploads\/2015\/04\/lecomplot5.jpg\" alt=\"lecomplot5\" width=\"570\" height=\"800\" srcset=\"https:\/\/maguykrimm.com\/wp-content\/uploads\/2015\/04\/lecomplot5.jpg 570w, https:\/\/maguykrimm.com\/wp-content\/uploads\/2015\/04\/lecomplot5-214x300.jpg 214w\" sizes=\"auto, (max-width: 570px) 100vw, 570px\" \/><\/a>Sc\u00e9nar de egg&#8211; et dessins de Maguy &#8211; r\u00e9alis\u00e9e en 2009<\/p>\n","protected":false},"excerpt":{"rendered":"<p>Sc\u00e9nar de egg&#8211; et dessins de Maguy &#8211; r\u00e9alis\u00e9e en 2009<\/p>\n","protected":false},"author":1,"featured_media":0,"parent":2,"menu_order":14,"comment_status":"open","ping_status":"open","template":"nosidebar-page.php","meta":{"footnotes":""},"class_list":["post-331","page","type-page","status-publish","hentry"],"_links":{"self":[{"href":"https:\/\/maguykrimm.com\/index.php?rest_route=\/wp\/v2\/pages\/331","targetHints":{"allow":["GET"]}}],"collection":[{"href":"https:\/\/maguykrimm.com\/index.php?rest_route=\/wp\/v2\/pages"}],"about":[{"href":"https:\/\/maguykrimm.com\/index.php?rest_route=\/wp\/v2\/types\/page"}],"author":[{"embeddable":true,"href":"https:\/\/maguykrimm.com\/index.php?rest_route=\/wp\/v2\/users\/1"}],"replies":[{"embeddable":true,"href":"https:\/\/maguykrimm.com\/index.php?rest_route=%2Fwp%2Fv2%2Fcomments&post=331"}],"version-history":[{"count":0,"href":"https:\/\/maguykrimm.com\/index.php?rest_route=\/wp\/v2\/pages\/331\/revisions"}],"up":[{"embeddable":true,"href":"https:\/\/maguykrimm.com\/index.php?rest_route=\/wp\/v2\/pages\/2"}],"wp:attachment":[{"href":"https:\/\/maguykrimm.com\/index.php?rest_route=%2Fwp%2Fv2%2Fmedia&parent=331"}],"curies":[{"name":"wp","href":"https:\/\/api.w.org\/{rel}","templated":true}]}}