{"id":34,"date":"2015-04-15T16:37:21","date_gmt":"2015-04-15T15:37:21","guid":{"rendered":"http:\/\/maguykrimm.com\/?page_id=34"},"modified":"2022-12-15T11:14:34","modified_gmt":"2022-12-15T10:14:34","slug":"cv","status":"publish","type":"page","link":"https:\/\/maguykrimm.com\/?page_id=34","title":{"rendered":"CV"},"content":{"rendered":"<p style=\"text-align: center;\"><strong>Mon Curriculum Vital<\/strong><\/p>\n<p style=\"text-align: center;\"><a href=\"http:\/\/maguykrimm.com\/wp-content\/uploads\/2015\/04\/bebe.gif\"><img loading=\"lazy\" decoding=\"async\" class=\"alignnone size-full wp-image-39\" src=\"http:\/\/maguykrimm.com\/wp-content\/uploads\/2015\/04\/bebe.gif\" alt=\"ma naissance\" width=\"152\" height=\"169\"><\/a><\/p>\n<p style=\"text-align: center;\">Moi aussi je suis n\u00e9e un 25 d\u00e9cembre&#8230;<\/p>\n<p style=\"text-align: center;\"><a href=\"http:\/\/maguykrimm.com\/wp-content\/uploads\/2015\/04\/freres.gif\"><img loading=\"lazy\" decoding=\"async\" class=\"alignnone size-medium wp-image-47\" src=\"http:\/\/maguykrimm.com\/wp-content\/uploads\/2015\/04\/freres-300x114.gif\" alt=\"mes fr\u00e8res\" width=\"300\" height=\"114\"><\/a><br \/>\n&#8230; j&rsquo;ai grandi entour\u00e9e de 6 sexes m\u00e2les&#8230;<\/p>\n<p style=\"text-align: center;\">&#8212;&#8212;&#8212;&#8212;&#8212;&#8212;&#8212;&#8212;&#8212;&#8212;&#8212;&#8212;&#8212;&#8212;&#8212;&#8212;&#8212;&#8212;&#8212;&#8212;&#8212;&#8212;&#8212;&#8212;&#8212;&#8212;&#8212;&#8211;<\/p>\n<p style=\"text-align: center;\">kant j&rsquo;avais 1 an je d\u00e9couvrais l&rsquo;odeur de l&rsquo;hyposulfite sur les mains de mon papa<br \/>\nKant j&rsquo;avais 10 ans je d\u00e9couvrais la diff\u00e9rence entre le tabac blond et le tabac brun<br \/>\nKant j&rsquo;avais 20 ans je d\u00e9couvrais la meilleure fa\u00e7on de mettre les doigts dans son nez<\/p>\n<p style=\"text-align: center;\">&#8212;&#8212;&#8212;&#8212;&#8212;&#8212;&#8212;&#8212;&#8212;&#8212;&#8212;&#8212;&#8212;&#8212;&#8212;&#8212;&#8212;&#8212;&#8212;&#8212;&#8212;&#8212;&#8212;&#8212;&#8212;&#8212;&#8212;&#8211;<\/p>\n<p style=\"text-align: center;\">je voulais dessiner des gens<\/p>\n<p style=\"text-align: center;\"><a href=\"http:\/\/maguykrimm.com\/wp-content\/uploads\/2015\/04\/maison.gif\"><img loading=\"lazy\" decoding=\"async\" class=\"alignnone size-full wp-image-43\" src=\"http:\/\/maguykrimm.com\/wp-content\/uploads\/2015\/04\/maison.gif\" alt=\"architecte\" width=\"155\" height=\"109\"><\/a><br \/>\nj&rsquo;ai appris \u00e0 dessiner des maisons<br \/>\nmais pour gagner des sous en francs,<br \/>\nj&rsquo;ai dessin\u00e9 des chaises &#8230;<\/p>\n<p style=\"text-align: center;\">&#8212;&#8212;&#8212;&#8212;&#8212;&#8212;&#8212;&#8212;&#8212;&#8212;&#8212;&#8212;&#8212;&#8212;&#8212;&#8212;&#8212;&#8212;&#8212;&#8212;&#8212;&#8212;&#8212;&#8212;&#8212;&#8212;&#8212;&#8211;<\/p>\n<p style=\"text-align: center;\">Kant j\u00a0\u00bbavais 30 ans je d\u00e9couvrais la marche arri\u00e8re de ma 2 deuch<br \/>\nKant j\u00a0\u00bbavais 40 ans je d\u00e9couvrais qu&rsquo;il fallait travailler pour gagner des sous<br \/>\nKant j\u00a0\u00bbavais 50 ans je d\u00e9couvrais que les nouilles ne se cuisaient pas au four micro ondes<\/p>\n<p style=\"text-align: center;\">&#8212;&#8212;&#8212;&#8212;&#8212;&#8212;&#8212;&#8212;&#8212;&#8212;&#8212;&#8212;&#8212;&#8212;&#8212;&#8212;&#8212;&#8212;&#8212;&#8212;&#8212;&#8212;&#8212;&#8212;&#8212;&#8212;&#8212;&#8211;<\/p>\n<p style=\"text-align: center;\"><a href=\"http:\/\/maguykrimm.com\/wp-content\/uploads\/2015\/04\/lolo.gif\"><img loading=\"lazy\" decoding=\"async\" class=\"alignnone size-full wp-image-42\" src=\"http:\/\/maguykrimm.com\/wp-content\/uploads\/2015\/04\/lolo.gif\" alt=\"mon b\u00e9b\u00e9\" width=\"130\" height=\"210\"><\/a><\/p>\n<p style=\"text-align: center;\">entre temps j&rsquo;ai fait un vrai b\u00e9b\u00e9<\/p>\n<p style=\"text-align: center;\">finalement j&rsquo;ai fait la photographe comme vrai boulot<\/p>\n<p style=\"text-align: center;\"><a href=\"http:\/\/maguykrimm.com\/wp-content\/uploads\/2015\/04\/pc.gif\"><img loading=\"lazy\" decoding=\"async\" class=\"alignnone size-full wp-image-44\" src=\"http:\/\/maguykrimm.com\/wp-content\/uploads\/2015\/04\/pc.gif\" alt=\"webmaster\" width=\"122\" height=\"147\"><\/a><br \/>\net aujourd&rsquo;hui je suis webmiss&rsquo;&#8230; et je n&rsquo;arr\u00eate pas de travailler<\/p>\n<p style=\"text-align: center;\">&#8212;&#8212;&#8212;&#8212;&#8212;&#8212;&#8212;&#8212;&#8212;&#8212;&#8212;&#8212;&#8212;&#8212;&#8212;&#8212;&#8212;&#8212;&#8212;&#8212;&#8212;&#8212;&#8212;&#8212;&#8212;&#8212;&#8212;&#8211;<\/p>\n<p style=\"text-align: center;\">Kant j\u00a0\u00bbavais 60 ans je d\u00e9couvrais que de l&rsquo;eau dans le pastis \u00e7a me faisait plus \u00e0 boire<br \/>\nKant j\u00a0\u00bbavais 70 ans je d\u00e9couvrais que l&rsquo;homme \u00e9tait tr\u00e8s diff\u00e9rent de la femme<br \/>\nKant j\u00a0\u00bbavais 80 ans je d\u00e9couvrais que ma m\u00e8re volait dans mon porte monnaies<\/p>\n<p style=\"text-align: center;\">&#8212;&#8212;&#8212;&#8212;&#8212;&#8212;&#8212;&#8212;&#8212;&#8212;&#8212;&#8212;&#8212;&#8212;&#8212;&#8212;&#8212;&#8212;&#8212;&#8212;&#8212;&#8212;&#8212;&#8212;&#8212;&#8212;&#8212;&#8211;<\/p>\n<p style=\"text-align: center;\">Mes Passions<br \/>\n<a href=\"http:\/\/maguykrimm.com\/wp-content\/uploads\/2015\/04\/xt.gif\"><img loading=\"lazy\" decoding=\"async\" class=\"alignnone size-full wp-image-46\" src=\"http:\/\/maguykrimm.com\/wp-content\/uploads\/2015\/04\/xt.gif\" alt=\"roller\" width=\"114\" height=\"206\"><\/a><br \/>\nle patin \u00e0 roulettes qui roule<br \/>\nles bd bien faites et qui se comprennent<\/p>\n<p style=\"text-align: center;\"><a href=\"http:\/\/maguykrimm.com\/wp-content\/uploads\/2015\/04\/laurent.gif\"><img loading=\"lazy\" decoding=\"async\" class=\"alignnone size-full wp-image-41\" src=\"http:\/\/maguykrimm.com\/wp-content\/uploads\/2015\/04\/laurent.gif\" alt=\"mon fils\" width=\"132\" height=\"166\"><\/a><br \/>\nmon fils parce qu&rsquo;il est beau<br \/>\net que je l&rsquo;aime<\/p>\n<p style=\"text-align: center;\">&#8212;&#8212;&#8212;&#8212;&#8212;&#8212;&#8212;&#8212;&#8212;&#8212;&#8212;&#8212;&#8212;&#8212;&#8212;&#8212;&#8212;&#8212;&#8212;&#8212;&#8212;&#8212;&#8212;&#8212;&#8212;&#8212;&#8212;&#8211;<\/p>\n<p style=\"text-align: center;\">Kant j\u00a0\u00bbavais 90 ans je d\u00e9couvrais que du rhum sur les cr\u00eapes c&rsquo;\u00e9tait pas d\u00e9gueuxxx<br \/>\nKant j\u00a0\u00bbavais 110 ans je d\u00e9couvrais que je pouvais me servir d&rsquo;une t\u00e9l\u00e9commande pour allumer ma TV<br \/>\nKant j\u00a0\u00bbavais 120 ans je d\u00e9couvrais que \u00e7a servait \u00e0 rien de se lever le matin pour se recoucher le soir.<\/p>\n<p style=\"text-align: center;\">&#8212;&#8212;&#8212;&#8212;&#8212;&#8212;&#8212;&#8212;&#8212;&#8212;&#8212;&#8212;&#8212;&#8212;&#8212;&#8212;&#8212;&#8212;&#8212;&#8212;&#8212;&#8212;&#8212;&#8212;&#8212;&#8212;&#8212;&#8211;<\/p>\n<p style=\"text-align: center;\">mes copines, copains mais surtout copains et un peu copines mais j&rsquo;ai surtout que des copines &#8230;.<\/p>\n<p style=\"text-align: center;\"><strong>J&rsquo;aime aussi&nbsp;<\/strong><br \/>\nla pub<br \/>\nles \u00e9toiles<br \/>\nInternet<br \/>\nles extra-terrestres<br \/>\nmais j&rsquo;ai horreur des cons<br \/>\n(heureusement j&rsquo;en ai jamais rencontr\u00e9)<\/p>\n<p style=\"text-align: center;\">&#8230;. et le dessin, le dessin et encore le dessin,<br \/>\nmais aussi et bien sur la photo, toujours la photo et encore la photo,<br \/>\net faut rajouter \u00ab\u00a0Hyp\u00e9rion\u00a0\u00bb et sa suite, Barjavel, Le seigneur des anneaux,<br \/>\nGames of thrones<br \/>\net bien sur le metal, le metal et encore un peu de metal &#8230;<\/p>\n","protected":false},"excerpt":{"rendered":"<p>Mon Curriculum Vital Moi aussi je suis n\u00e9e un 25 d\u00e9cembre&#8230; &#8230; j&rsquo;ai grandi entour\u00e9e de 6 sexes m\u00e2les&#8230; &#8212;&#8212;&#8212;&#8212;&#8212;&#8212;&#8212;&#8212;&#8212;&#8212;&#8212;&#8212;&#8212;&#8212;&#8212;&#8212;&#8212;&#8212;&#8212;&#8212;&#8212;&#8212;&#8212;&#8212;&#8212;&#8212;&#8212;&#8211; kant j&rsquo;avais 1 an je d\u00e9couvrais l&rsquo;odeur de l&rsquo;hyposulfite sur les mains de mon papa Kant j&rsquo;avais 10 ans je d\u00e9couvrais la diff\u00e9rence entre le tabac blond et le tabac brun Kant j&rsquo;avais 20 ans&#8230; <\/p>\n<div class=\"read-more\"><a href=\"https:\/\/maguykrimm.com\/?page_id=34\">Lire la suite<\/a><\/div>\n","protected":false},"author":1,"featured_media":0,"parent":0,"menu_order":5,"comment_status":"open","ping_status":"open","template":"","meta":{"footnotes":""},"class_list":["post-34","page","type-page","status-publish","hentry"],"_links":{"self":[{"href":"https:\/\/maguykrimm.com\/index.php?rest_route=\/wp\/v2\/pages\/34","targetHints":{"allow":["GET"]}}],"collection":[{"href":"https:\/\/maguykrimm.com\/index.php?rest_route=\/wp\/v2\/pages"}],"about":[{"href":"https:\/\/maguykrimm.com\/index.php?rest_route=\/wp\/v2\/types\/page"}],"author":[{"embeddable":true,"href":"https:\/\/maguykrimm.com\/index.php?rest_route=\/wp\/v2\/users\/1"}],"replies":[{"embeddable":true,"href":"https:\/\/maguykrimm.com\/index.php?rest_route=%2Fwp%2Fv2%2Fcomments&post=34"}],"version-history":[{"count":2,"href":"https:\/\/maguykrimm.com\/index.php?rest_route=\/wp\/v2\/pages\/34\/revisions"}],"predecessor-version":[{"id":2135,"href":"https:\/\/maguykrimm.com\/index.php?rest_route=\/wp\/v2\/pages\/34\/revisions\/2135"}],"wp:attachment":[{"href":"https:\/\/maguykrimm.com\/index.php?rest_route=%2Fwp%2Fv2%2Fmedia&parent=34"}],"curies":[{"name":"wp","href":"https:\/\/api.w.org\/{rel}","templated":true}]}}